{"id":13277,"date":"2023-08-03T17:48:21","date_gmt":"2023-08-03T14:48:21","guid":{"rendered":"https:\/\/prifinance.com\/?page_id=13277"},"modified":"2023-08-03T17:58:26","modified_gmt":"2023-08-03T14:58:26","slug":"aml-audit","status":"publish","type":"page","link":"https:\/\/prifinance.com\/es\/aml-audit\/","title":{"rendered":"AML audit"},"content":{"rendered":"","protected":false},"excerpt":{"rendered":"","protected":false},"author":6,"featured_media":0,"parent":0,"menu_order":0,"comment_status":"closed","ping_status":"closed","template":"templates\/page-aml.php","meta":{"footnotes":""},"class_list":["post-13277","page","type-page","status-publish","hentry"],"yoast_head":"<!-- This site is optimized with the Yoast SEO plugin v24.8.1 - https:\/\/yoast.com\/wordpress\/plugins\/seo\/ -->\n<title>Auditor\u00eda AML: solicite una auditor\u00eda AML | Prifinance Company<\/title>\n<meta name=\"description\" content=\"Implementaci\u00f3n de procesos ALA\/CFT. Prifinance: servicios y soluciones de consultor\u00eda de cumplimiento de FinTech. Llame a Prifinance Company: \u260e\ufe0f +971 4 894 6755: Atenci\u00f3n al cliente 24\/7.\" \/>\n<meta name=\"robots\" content=\"index, follow, max-snippet:-1, max-image-preview:large, max-video-preview:-1\" \/>\n<link rel=\"canonical\" href=\"https:\/\/prifinance.com\/es\/aml-audit\/\" \/>\n<meta property=\"og:locale\" content=\"es_ES\" \/>\n<meta property=\"og:type\" content=\"article\" \/>\n<meta property=\"og:title\" content=\"Auditor\u00eda AML: solicite una auditor\u00eda AML | Prifinance Company\" \/>\n<meta property=\"og:description\" content=\"Implementaci\u00f3n de procesos ALA\/CFT. Prifinance: servicios y soluciones de consultor\u00eda de cumplimiento de FinTech. Llame a Prifinance Company: \u260e\ufe0f +971 4 894 6755: Atenci\u00f3n al cliente 24\/7.\" \/>\n<meta property=\"og:url\" content=\"https:\/\/prifinance.com\/es\/aml-audit\/\" \/>\n<meta property=\"og:site_name\" content=\"Prifinance\" \/>\n<meta property=\"article:modified_time\" content=\"2023-08-03T14:58:26+00:00\" \/>\n<meta name=\"twitter:card\" content=\"summary_large_image\" \/>\n<script type=\"application\/ld+json\" class=\"yoast-schema-graph\">{\"@context\":\"https:\/\/schema.org\",\"@graph\":[{\"@type\":\"WebPage\",\"@id\":\"https:\/\/prifinance.com\/es\/aml-audit\/\",\"url\":\"https:\/\/prifinance.com\/es\/aml-audit\/\",\"name\":\"Auditor\u00eda AML: solicite una auditor\u00eda AML | Prifinance Company\",\"isPartOf\":{\"@id\":\"https:\/\/prifinance.com\/es\/#website\"},\"datePublished\":\"2023-08-03T14:48:21+00:00\",\"dateModified\":\"2023-08-03T14:58:26+00:00\",\"description\":\"Implementaci\u00f3n de procesos ALA\/CFT. Prifinance: servicios y soluciones de consultor\u00eda de cumplimiento de FinTech. Llame a Prifinance Company: \u260e\ufe0f +971 4 894 6755: Atenci\u00f3n al cliente 24\/7.\",\"breadcrumb\":{\"@id\":\"https:\/\/prifinance.com\/es\/aml-audit\/#breadcrumb\"},\"inLanguage\":\"es\",\"potentialAction\":[{\"@type\":\"ReadAction\",\"target\":[\"https:\/\/prifinance.com\/es\/aml-audit\/\"]}]},{\"@type\":\"BreadcrumbList\",\"@id\":\"https:\/\/prifinance.com\/es\/aml-audit\/#breadcrumb\",\"itemListElement\":[{\"@type\":\"ListItem\",\"position\":1,\"name\":\"\u0413\u043b\u0430\u0432\u043d\u0430\u044f \u0441\u0442\u0440\u0430\u043d\u0438\u0446\u0430\",\"item\":\"https:\/\/prifinance.com\/es\/\"},{\"@type\":\"ListItem\",\"position\":2,\"name\":\"AML audit\"}]},{\"@type\":\"WebSite\",\"@id\":\"https:\/\/prifinance.com\/es\/#website\",\"url\":\"https:\/\/prifinance.com\/es\/\",\"name\":\"Prifinance\",\"description\":\"Prifinance\",\"potentialAction\":[{\"@type\":\"SearchAction\",\"target\":{\"@type\":\"EntryPoint\",\"urlTemplate\":\"https:\/\/prifinance.com\/es\/?s={search_term_string}\"},\"query-input\":{\"@type\":\"PropertyValueSpecification\",\"valueRequired\":true,\"valueName\":\"search_term_string\"}}],\"inLanguage\":\"es\"}]}<\/script>\n<!-- \/ Yoast SEO plugin. -->","yoast_head_json":{"title":"Auditor\u00eda AML: solicite una auditor\u00eda AML | Prifinance Company","description":"Implementaci\u00f3n de procesos ALA\/CFT. Prifinance: servicios y soluciones de consultor\u00eda de cumplimiento de FinTech. Llame a Prifinance Company: \u260e\ufe0f +971 4 894 6755: Atenci\u00f3n al cliente 24\/7.","robots":{"index":"index","follow":"follow","max-snippet":"max-snippet:-1","max-image-preview":"max-image-preview:large","max-video-preview":"max-video-preview:-1"},"canonical":"https:\/\/prifinance.com\/es\/aml-audit\/","og_locale":"es_ES","og_type":"article","og_title":"Auditor\u00eda AML: solicite una auditor\u00eda AML | Prifinance Company","og_description":"Implementaci\u00f3n de procesos ALA\/CFT. Prifinance: servicios y soluciones de consultor\u00eda de cumplimiento de FinTech. Llame a Prifinance Company: \u260e\ufe0f +971 4 894 6755: Atenci\u00f3n al cliente 24\/7.","og_url":"https:\/\/prifinance.com\/es\/aml-audit\/","og_site_name":"Prifinance","article_modified_time":"2023-08-03T14:58:26+00:00","twitter_card":"summary_large_image","schema":{"@context":"https:\/\/schema.org","@graph":[{"@type":"WebPage","@id":"https:\/\/prifinance.com\/es\/aml-audit\/","url":"https:\/\/prifinance.com\/es\/aml-audit\/","name":"Auditor\u00eda AML: solicite una auditor\u00eda AML | Prifinance Company","isPartOf":{"@id":"https:\/\/prifinance.com\/es\/#website"},"datePublished":"2023-08-03T14:48:21+00:00","dateModified":"2023-08-03T14:58:26+00:00","description":"Implementaci\u00f3n de procesos ALA\/CFT. Prifinance: servicios y soluciones de consultor\u00eda de cumplimiento de FinTech. Llame a Prifinance Company: \u260e\ufe0f +971 4 894 6755: Atenci\u00f3n al cliente 24\/7.","breadcrumb":{"@id":"https:\/\/prifinance.com\/es\/aml-audit\/#breadcrumb"},"inLanguage":"es","potentialAction":[{"@type":"ReadAction","target":["https:\/\/prifinance.com\/es\/aml-audit\/"]}]},{"@type":"BreadcrumbList","@id":"https:\/\/prifinance.com\/es\/aml-audit\/#breadcrumb","itemListElement":[{"@type":"ListItem","position":1,"name":"\u0413\u043b\u0430\u0432\u043d\u0430\u044f \u0441\u0442\u0440\u0430\u043d\u0438\u0446\u0430","item":"https:\/\/prifinance.com\/es\/"},{"@type":"ListItem","position":2,"name":"AML audit"}]},{"@type":"WebSite","@id":"https:\/\/prifinance.com\/es\/#website","url":"https:\/\/prifinance.com\/es\/","name":"Prifinance","description":"Prifinance","potentialAction":[{"@type":"SearchAction","target":{"@type":"EntryPoint","urlTemplate":"https:\/\/prifinance.com\/es\/?s={search_term_string}"},"query-input":{"@type":"PropertyValueSpecification","valueRequired":true,"valueName":"search_term_string"}}],"inLanguage":"es"}]}},"_links":{"self":[{"href":"https:\/\/prifinance.com\/es\/wp-json\/wp\/v2\/pages\/13277","targetHints":{"allow":["GET"]}}],"collection":[{"href":"https:\/\/prifinance.com\/es\/wp-json\/wp\/v2\/pages"}],"about":[{"href":"https:\/\/prifinance.com\/es\/wp-json\/wp\/v2\/types\/page"}],"author":[{"embeddable":true,"href":"https:\/\/prifinance.com\/es\/wp-json\/wp\/v2\/users\/6"}],"replies":[{"embeddable":true,"href":"https:\/\/prifinance.com\/es\/wp-json\/wp\/v2\/comments?post=13277"}],"version-history":[{"count":5,"href":"https:\/\/prifinance.com\/es\/wp-json\/wp\/v2\/pages\/13277\/revisions"}],"predecessor-version":[{"id":13282,"href":"https:\/\/prifinance.com\/es\/wp-json\/wp\/v2\/pages\/13277\/revisions\/13282"}],"wp:attachment":[{"href":"https:\/\/prifinance.com\/es\/wp-json\/wp\/v2\/media?parent=13277"}],"curies":[{"name":"wp","href":"https:\/\/api.w.org\/{rel}","templated":true}]}}