{"id":13271,"date":"2023-08-03T16:35:06","date_gmt":"2023-08-03T13:35:06","guid":{"rendered":"https:\/\/prifinance.com\/?page_id=13271"},"modified":"2023-08-30T20:49:14","modified_gmt":"2023-08-30T17:49:14","slug":"licencias-de-apuestas","status":"publish","type":"page","link":"https:\/\/prifinance.com\/es\/licencia-de-juegos-de-azar\/","title":{"rendered":"Licencias de apuestas"},"content":{"rendered":"<h2>Licencias de apuestas online<\/h2>\n<p>Los empleados de Prifinance le ayudar\u00e1n a elegir las jurisdicciones que admiten los negocios relacionados con las apuestas online como leg\u00edtimos. Le dar\u00e1n a conocer los t\u00e9rminos y condiciones para operar, as\u00ed como el procedimiento para obtener los permisos y todos los tr\u00e1mites asociados.<\/p>\n<p>Nuestra empresa efect\u00faa la totalidad del ciclo de trabajo y garantiza el r\u00e1pido cumplimiento de las obligaciones exigidas. No subcontratamos a intermediarios, por lo que ofrecemos un servicio de alta calidad, incluyendo la asistencia durante todo el proceso de preparaci\u00f3n de la apertura de un casino online, con un soporte adecuado a su caso concreto.<\/p>\n<p>Al trabajar con Prifinance podr\u00e1 disfrutar de los siguientes beneficios:<\/p>\n<ul>\n<li>Ahorro de tiempo y recursos financieros.<\/li>\n<li>Se evitan errores producto de no conocer la legislaci\u00f3n espec\u00edfica de la jurisdicci\u00f3n extranjera o de elegir un esquema no \u00f3ptimo para hacer negocios.<\/li>\n<li>Una herramienta de trabajo eficaz que mejora el bienestar.<\/li>\n<li>Servicio profesional.<\/li>\n<\/ul>\n","protected":false},"excerpt":{"rendered":"<p>Licencias de apuestas online Los empleados de Prifinance le ayudar\u00e1n a elegir las jurisdicciones que admiten los negocios relacionados con las apuestas online como leg\u00edtimos. Le dar\u00e1n a conocer los t\u00e9rminos y condiciones para operar, as\u00ed como el procedimiento para obtener los permisos y todos los tr\u00e1mites asociados. Nuestra empresa efect\u00faa la totalidad del ciclo [&hellip;]<\/p>\n","protected":false},"author":6,"featured_media":0,"parent":0,"menu_order":0,"comment_status":"closed","ping_status":"closed","template":"templates\/page-license.php","meta":{"footnotes":""},"class_list":["post-13271","page","type-page","status-publish","hentry"],"yoast_head":"<!-- This site is optimized with the Yoast SEO plugin v24.8.1 - https:\/\/yoast.com\/wordpress\/plugins\/seo\/ -->\n<title>Casino con licencia (casino en l\u00ednea con licencia). Licencias de apuestas online | Prifinance Company<\/title>\n<meta name=\"description\" content=\"Casino con licencia (casino en l\u00ednea con licencia). Obtenci\u00f3n de una licencia de juego. Llame a Prifinance Company: \u260e\ufe0f +971 4 894 6755: Atenci\u00f3n al cliente 24\/7.\" \/>\n<meta name=\"robots\" content=\"index, follow, max-snippet:-1, max-image-preview:large, max-video-preview:-1\" \/>\n<link rel=\"canonical\" href=\"https:\/\/prifinance.com\/es\/licencia-de-juegos-de-azar\/\" \/>\n<meta property=\"og:locale\" content=\"es_ES\" \/>\n<meta property=\"og:type\" content=\"article\" \/>\n<meta property=\"og:title\" content=\"Casino con licencia (casino en l\u00ednea con licencia). Licencias de apuestas online | Prifinance Company\" \/>\n<meta property=\"og:description\" content=\"Casino con licencia (casino en l\u00ednea con licencia). Obtenci\u00f3n de una licencia de juego. Llame a Prifinance Company: \u260e\ufe0f +971 4 894 6755: Atenci\u00f3n al cliente 24\/7.\" \/>\n<meta property=\"og:url\" content=\"https:\/\/prifinance.com\/es\/licencia-de-juegos-de-azar\/\" \/>\n<meta property=\"og:site_name\" content=\"Prifinance\" \/>\n<meta property=\"article:modified_time\" content=\"2023-08-30T17:49:14+00:00\" \/>\n<meta name=\"twitter:card\" content=\"summary_large_image\" \/>\n<meta name=\"twitter:label1\" content=\"Est. reading time\" \/>\n\t<meta name=\"twitter:data1\" content=\"1 minuto\" \/>\n<script type=\"application\/ld+json\" class=\"yoast-schema-graph\">{\"@context\":\"https:\/\/schema.org\",\"@graph\":[{\"@type\":\"WebPage\",\"@id\":\"https:\/\/prifinance.com\/es\/licencia-de-juegos-de-azar\/\",\"url\":\"https:\/\/prifinance.com\/es\/licencia-de-juegos-de-azar\/\",\"name\":\"Casino con licencia (casino en l\u00ednea con licencia). Licencias de apuestas online | Prifinance Company\",\"isPartOf\":{\"@id\":\"https:\/\/prifinance.com\/es\/#website\"},\"datePublished\":\"2023-08-03T13:35:06+00:00\",\"dateModified\":\"2023-08-30T17:49:14+00:00\",\"description\":\"Casino con licencia (casino en l\u00ednea con licencia). Obtenci\u00f3n de una licencia de juego. Llame a Prifinance Company: \u260e\ufe0f +971 4 894 6755: Atenci\u00f3n al cliente 24\/7.\",\"breadcrumb\":{\"@id\":\"https:\/\/prifinance.com\/es\/licencia-de-juegos-de-azar\/#breadcrumb\"},\"inLanguage\":\"es\",\"potentialAction\":[{\"@type\":\"ReadAction\",\"target\":[\"https:\/\/prifinance.com\/es\/licencia-de-juegos-de-azar\/\"]}]},{\"@type\":\"BreadcrumbList\",\"@id\":\"https:\/\/prifinance.com\/es\/licencia-de-juegos-de-azar\/#breadcrumb\",\"itemListElement\":[{\"@type\":\"ListItem\",\"position\":1,\"name\":\"\u0413\u043b\u0430\u0432\u043d\u0430\u044f \u0441\u0442\u0440\u0430\u043d\u0438\u0446\u0430\",\"item\":\"https:\/\/prifinance.com\/es\/\"},{\"@type\":\"ListItem\",\"position\":2,\"name\":\"Licencias de apuestas\"}]},{\"@type\":\"WebSite\",\"@id\":\"https:\/\/prifinance.com\/es\/#website\",\"url\":\"https:\/\/prifinance.com\/es\/\",\"name\":\"Prifinance\",\"description\":\"Prifinance\",\"potentialAction\":[{\"@type\":\"SearchAction\",\"target\":{\"@type\":\"EntryPoint\",\"urlTemplate\":\"https:\/\/prifinance.com\/es\/?s={search_term_string}\"},\"query-input\":{\"@type\":\"PropertyValueSpecification\",\"valueRequired\":true,\"valueName\":\"search_term_string\"}}],\"inLanguage\":\"es\"}]}<\/script>\n<!-- \/ Yoast SEO plugin. -->","yoast_head_json":{"title":"Casino con licencia (casino en l\u00ednea con licencia). Licencias de apuestas online | Prifinance Company","description":"Casino con licencia (casino en l\u00ednea con licencia). Obtenci\u00f3n de una licencia de juego. Llame a Prifinance Company: \u260e\ufe0f +971 4 894 6755: Atenci\u00f3n al cliente 24\/7.","robots":{"index":"index","follow":"follow","max-snippet":"max-snippet:-1","max-image-preview":"max-image-preview:large","max-video-preview":"max-video-preview:-1"},"canonical":"https:\/\/prifinance.com\/es\/licencia-de-juegos-de-azar\/","og_locale":"es_ES","og_type":"article","og_title":"Casino con licencia (casino en l\u00ednea con licencia). Licencias de apuestas online | Prifinance Company","og_description":"Casino con licencia (casino en l\u00ednea con licencia). Obtenci\u00f3n de una licencia de juego. Llame a Prifinance Company: \u260e\ufe0f +971 4 894 6755: Atenci\u00f3n al cliente 24\/7.","og_url":"https:\/\/prifinance.com\/es\/licencia-de-juegos-de-azar\/","og_site_name":"Prifinance","article_modified_time":"2023-08-30T17:49:14+00:00","twitter_card":"summary_large_image","twitter_misc":{"Est. reading time":"1 minuto"},"schema":{"@context":"https:\/\/schema.org","@graph":[{"@type":"WebPage","@id":"https:\/\/prifinance.com\/es\/licencia-de-juegos-de-azar\/","url":"https:\/\/prifinance.com\/es\/licencia-de-juegos-de-azar\/","name":"Casino con licencia (casino en l\u00ednea con licencia). Licencias de apuestas online | Prifinance Company","isPartOf":{"@id":"https:\/\/prifinance.com\/es\/#website"},"datePublished":"2023-08-03T13:35:06+00:00","dateModified":"2023-08-30T17:49:14+00:00","description":"Casino con licencia (casino en l\u00ednea con licencia). Obtenci\u00f3n de una licencia de juego. Llame a Prifinance Company: \u260e\ufe0f +971 4 894 6755: Atenci\u00f3n al cliente 24\/7.","breadcrumb":{"@id":"https:\/\/prifinance.com\/es\/licencia-de-juegos-de-azar\/#breadcrumb"},"inLanguage":"es","potentialAction":[{"@type":"ReadAction","target":["https:\/\/prifinance.com\/es\/licencia-de-juegos-de-azar\/"]}]},{"@type":"BreadcrumbList","@id":"https:\/\/prifinance.com\/es\/licencia-de-juegos-de-azar\/#breadcrumb","itemListElement":[{"@type":"ListItem","position":1,"name":"\u0413\u043b\u0430\u0432\u043d\u0430\u044f \u0441\u0442\u0440\u0430\u043d\u0438\u0446\u0430","item":"https:\/\/prifinance.com\/es\/"},{"@type":"ListItem","position":2,"name":"Licencias de apuestas"}]},{"@type":"WebSite","@id":"https:\/\/prifinance.com\/es\/#website","url":"https:\/\/prifinance.com\/es\/","name":"Prifinance","description":"Prifinance","potentialAction":[{"@type":"SearchAction","target":{"@type":"EntryPoint","urlTemplate":"https:\/\/prifinance.com\/es\/?s={search_term_string}"},"query-input":{"@type":"PropertyValueSpecification","valueRequired":true,"valueName":"search_term_string"}}],"inLanguage":"es"}]}},"_links":{"self":[{"href":"https:\/\/prifinance.com\/es\/wp-json\/wp\/v2\/pages\/13271","targetHints":{"allow":["GET"]}}],"collection":[{"href":"https:\/\/prifinance.com\/es\/wp-json\/wp\/v2\/pages"}],"about":[{"href":"https:\/\/prifinance.com\/es\/wp-json\/wp\/v2\/types\/page"}],"author":[{"embeddable":true,"href":"https:\/\/prifinance.com\/es\/wp-json\/wp\/v2\/users\/6"}],"replies":[{"embeddable":true,"href":"https:\/\/prifinance.com\/es\/wp-json\/wp\/v2\/comments?post=13271"}],"version-history":[{"count":1,"href":"https:\/\/prifinance.com\/es\/wp-json\/wp\/v2\/pages\/13271\/revisions"}],"predecessor-version":[{"id":13272,"href":"https:\/\/prifinance.com\/es\/wp-json\/wp\/v2\/pages\/13271\/revisions\/13272"}],"wp:attachment":[{"href":"https:\/\/prifinance.com\/es\/wp-json\/wp\/v2\/media?parent=13271"}],"curies":[{"name":"wp","href":"https:\/\/api.w.org\/{rel}","templated":true}]}}