{"id":13269,"date":"2023-08-03T16:25:33","date_gmt":"2023-08-03T13:25:33","guid":{"rendered":"https:\/\/prifinance.com\/?page_id=13269"},"modified":"2023-08-22T15:01:51","modified_gmt":"2023-08-22T12:01:51","slug":"payments-es","status":"publish","type":"page","link":"https:\/\/prifinance.com\/es\/payments-es\/","title":{"rendered":"licencia de dinero electr\u00f3nico"},"content":{"rendered":"<p>Existen muchas jurisdicciones en todo el mundo que ofrecen unas condiciones ben\u00e9volas para hacer negocios y aceptar pagos: garantizan la confidencialidad, no realizan ning\u00fan control de divisas, liberan de impuestos (parcial o totalmente), etc. Resulta ventajoso hacer negocios en estos pa\u00edses, en particular, para registrar los sistemas de pago y gestionar los flujos de efectivo.<\/p>\n<p>Los empleados de Prifinance le prestar\u00e1n asistencia durante todo el procedimiento, desde la elecci\u00f3n de la jurisdicci\u00f3n y la preparaci\u00f3n de los documentos hasta la obtenci\u00f3n del certificado de registro. Al contar con una s\u00f3lida base te\u00f3rica y una gran experiencia pr\u00e1ctica, podemos garantizar el resultado y la eficacia en la resoluci\u00f3n de problemas de cualquier complejidad.<\/p>\n<p>Gracias a la asistencia que proporciona Prifinance, el registro en el sistema de pago se efect\u00faa de forma r\u00e1pida, legal y con el m\u00e1ximo beneficio para el cliente. Si solicita nuestra colaboraci\u00f3n, disfrutar\u00e1 de los siguientes beneficios:<\/p>\n<ul>\n<li>Ahorrar\u00e1 tiempo.<\/li>\n<li>Se librar\u00e1 de los problemas rutinarios y de los retrasos burocr\u00e1ticos, ya que este trabajo lo realizar\u00e1n por usted los empleados de Prifinance.<\/li>\n<li>Quedar\u00e1 protegido frente a posibles errores e incumplimientos de la normativa legal.<\/li>\n<li>Tendr\u00e1 disponible una valiosa ayuda a la hora de resolver una serie de tareas asociadas, ya sea el registro de un sistema de pago, la constituci\u00f3n de una empresa o la obtenci\u00f3n de un permiso de residencia.<\/li>\n<\/ul>\n<p>Prifinance facilita a sus clientes la obtenci\u00f3n de modernos servicios de pago en formato electr\u00f3nico. La licencia del sistema de pagos es una herramienta eficaz con la que es posible el desarrollo del negocio a escala mundial.\u00a0 Permite integrar la empresa en los sistemas globales de procesamiento de informaci\u00f3n financiera y ampliar significativamente la base de clientes. Para un funcionamiento pleno en el universo de Internet, el empresario necesita muchos permisos: una licencia de Entidad de Dinero Electr\u00f3nico (EMI, Electronic Money Institution) que le permita emitir cuasidinero, un permiso para organizar un centro de procesamiento, etc. Los empleados de Prifinance le ayudar\u00e1n en todas las etapas de implementaci\u00f3n de estas herramientas digitales.<\/p>\n<p>Nos encargamos de todas las etapas necesarias para implantar una Entidad de Dinero Electr\u00f3nico y servicios virtuales de pago. Entre los productos y servicios que ofrece Prifinance se encuentran:<\/p>\n<ul>\n<li>Licencia FKTK &#8211; obtenci\u00f3n de la autorizaci\u00f3n de la Comisi\u00f3n de Finanzas y Mercado de Capitales.<\/li>\n<li>Concesi\u00f3n de licencias e implementaci\u00f3n del procesamiento &#8211; organizaci\u00f3n de un centro de datos automatizado multifuncional para servicios de pago globales.<\/li>\n<li>Asistencia en la documentaci\u00f3n del estatus de emisor y un permiso de emisi\u00f3n de dinero electr\u00f3nico, otorgando licencias para su emisi\u00f3n (EMI) y un derecho de uso fuera del sistema de pagos.<\/li>\n<li>Organizaci\u00f3n de cajas registradoras en Internet, acceso a sistemas de liquidaci\u00f3n virtual, etc.<\/li>\n<\/ul>\n<p>La licencia para dinero electr\u00f3nico, procesamiento y sistema de pagos es necesaria para todo empresario que desee formar parte de la comunidad de negocios en red. Utiliz\u00e1ndolos, la empresa puede trabajar con los clientes sin estar atada a la ubicaci\u00f3n geogr\u00e1fica. Prifinance est\u00e1 preparada para ayudarlo a aumentar la movilidad, eficiencia y rentabilidad de su negocio.<\/p>\n","protected":false},"excerpt":{"rendered":"<p>Existen muchas jurisdicciones en todo el mundo que ofrecen unas condiciones ben\u00e9volas para hacer negocios y aceptar pagos: garantizan la confidencialidad, no realizan ning\u00fan control de divisas, liberan de impuestos (parcial o totalmente), etc. Resulta ventajoso hacer negocios en estos pa\u00edses, en particular, para registrar los sistemas de pago y gestionar los flujos de efectivo. [&hellip;]<\/p>\n","protected":false},"author":6,"featured_media":0,"parent":0,"menu_order":0,"comment_status":"closed","ping_status":"closed","template":"templates\/page-license.php","meta":{"footnotes":""},"class_list":["post-13269","page","type-page","status-publish","hentry"],"yoast_head":"<!-- This site is optimized with the Yoast SEO plugin v24.8.1 - https:\/\/yoast.com\/wordpress\/plugins\/seo\/ -->\n<title>Registro y soporte de empresas. licencia de dinero electr\u00f3nico | Prifinance Company<\/title>\n<meta name=\"description\" content=\"Licencia de sistema de pago EMI. Asistencia profesional en la creaci\u00f3n de una licencia EMI (dinero electr\u00f3nico de dinero electr\u00f3nico). Llame a Prifinance Company: \u260e\ufe0f +971 4 894 6755: Atenci\u00f3n al cliente 24\/7.\" \/>\n<meta name=\"robots\" content=\"index, follow, max-snippet:-1, max-image-preview:large, max-video-preview:-1\" \/>\n<link rel=\"canonical\" href=\"https:\/\/prifinance.com\/es\/payments-es\/\" \/>\n<meta property=\"og:locale\" content=\"es_ES\" \/>\n<meta property=\"og:type\" content=\"article\" \/>\n<meta property=\"og:title\" content=\"Registro y soporte de empresas. licencia de dinero electr\u00f3nico | Prifinance Company\" \/>\n<meta property=\"og:description\" content=\"Licencia de sistema de pago EMI. Asistencia profesional en la creaci\u00f3n de una licencia EMI (dinero electr\u00f3nico de dinero electr\u00f3nico). Llame a Prifinance Company: \u260e\ufe0f +971 4 894 6755: Atenci\u00f3n al cliente 24\/7.\" \/>\n<meta property=\"og:url\" content=\"https:\/\/prifinance.com\/es\/payments-es\/\" \/>\n<meta property=\"og:site_name\" content=\"Prifinance\" \/>\n<meta property=\"article:modified_time\" content=\"2023-08-22T12:01:51+00:00\" \/>\n<meta name=\"twitter:card\" content=\"summary_large_image\" \/>\n<meta name=\"twitter:label1\" content=\"Est. reading time\" \/>\n\t<meta name=\"twitter:data1\" content=\"3 minutos\" \/>\n<script type=\"application\/ld+json\" class=\"yoast-schema-graph\">{\"@context\":\"https:\/\/schema.org\",\"@graph\":[{\"@type\":\"WebPage\",\"@id\":\"https:\/\/prifinance.com\/es\/payments-es\/\",\"url\":\"https:\/\/prifinance.com\/es\/payments-es\/\",\"name\":\"Registro y soporte de empresas. licencia de dinero electr\u00f3nico | Prifinance Company\",\"isPartOf\":{\"@id\":\"https:\/\/prifinance.com\/es\/#website\"},\"datePublished\":\"2023-08-03T13:25:33+00:00\",\"dateModified\":\"2023-08-22T12:01:51+00:00\",\"description\":\"Licencia de sistema de pago EMI. Asistencia profesional en la creaci\u00f3n de una licencia EMI (dinero electr\u00f3nico de dinero electr\u00f3nico). Llame a Prifinance Company: \u260e\ufe0f +971 4 894 6755: Atenci\u00f3n al cliente 24\/7.\",\"breadcrumb\":{\"@id\":\"https:\/\/prifinance.com\/es\/payments-es\/#breadcrumb\"},\"inLanguage\":\"es\",\"potentialAction\":[{\"@type\":\"ReadAction\",\"target\":[\"https:\/\/prifinance.com\/es\/payments-es\/\"]}]},{\"@type\":\"BreadcrumbList\",\"@id\":\"https:\/\/prifinance.com\/es\/payments-es\/#breadcrumb\",\"itemListElement\":[{\"@type\":\"ListItem\",\"position\":1,\"name\":\"\u0413\u043b\u0430\u0432\u043d\u0430\u044f \u0441\u0442\u0440\u0430\u043d\u0438\u0446\u0430\",\"item\":\"https:\/\/prifinance.com\/es\/\"},{\"@type\":\"ListItem\",\"position\":2,\"name\":\"licencia de dinero electr\u00f3nico\"}]},{\"@type\":\"WebSite\",\"@id\":\"https:\/\/prifinance.com\/es\/#website\",\"url\":\"https:\/\/prifinance.com\/es\/\",\"name\":\"Prifinance\",\"description\":\"Prifinance\",\"potentialAction\":[{\"@type\":\"SearchAction\",\"target\":{\"@type\":\"EntryPoint\",\"urlTemplate\":\"https:\/\/prifinance.com\/es\/?s={search_term_string}\"},\"query-input\":{\"@type\":\"PropertyValueSpecification\",\"valueRequired\":true,\"valueName\":\"search_term_string\"}}],\"inLanguage\":\"es\"}]}<\/script>\n<!-- \/ Yoast SEO plugin. -->","yoast_head_json":{"title":"Registro y soporte de empresas. licencia de dinero electr\u00f3nico | Prifinance Company","description":"Licencia de sistema de pago EMI. Asistencia profesional en la creaci\u00f3n de una licencia EMI (dinero electr\u00f3nico de dinero electr\u00f3nico). Llame a Prifinance Company: \u260e\ufe0f +971 4 894 6755: Atenci\u00f3n al cliente 24\/7.","robots":{"index":"index","follow":"follow","max-snippet":"max-snippet:-1","max-image-preview":"max-image-preview:large","max-video-preview":"max-video-preview:-1"},"canonical":"https:\/\/prifinance.com\/es\/payments-es\/","og_locale":"es_ES","og_type":"article","og_title":"Registro y soporte de empresas. licencia de dinero electr\u00f3nico | Prifinance Company","og_description":"Licencia de sistema de pago EMI. Asistencia profesional en la creaci\u00f3n de una licencia EMI (dinero electr\u00f3nico de dinero electr\u00f3nico). Llame a Prifinance Company: \u260e\ufe0f +971 4 894 6755: Atenci\u00f3n al cliente 24\/7.","og_url":"https:\/\/prifinance.com\/es\/payments-es\/","og_site_name":"Prifinance","article_modified_time":"2023-08-22T12:01:51+00:00","twitter_card":"summary_large_image","twitter_misc":{"Est. reading time":"3 minutos"},"schema":{"@context":"https:\/\/schema.org","@graph":[{"@type":"WebPage","@id":"https:\/\/prifinance.com\/es\/payments-es\/","url":"https:\/\/prifinance.com\/es\/payments-es\/","name":"Registro y soporte de empresas. licencia de dinero electr\u00f3nico | Prifinance Company","isPartOf":{"@id":"https:\/\/prifinance.com\/es\/#website"},"datePublished":"2023-08-03T13:25:33+00:00","dateModified":"2023-08-22T12:01:51+00:00","description":"Licencia de sistema de pago EMI. Asistencia profesional en la creaci\u00f3n de una licencia EMI (dinero electr\u00f3nico de dinero electr\u00f3nico). Llame a Prifinance Company: \u260e\ufe0f +971 4 894 6755: Atenci\u00f3n al cliente 24\/7.","breadcrumb":{"@id":"https:\/\/prifinance.com\/es\/payments-es\/#breadcrumb"},"inLanguage":"es","potentialAction":[{"@type":"ReadAction","target":["https:\/\/prifinance.com\/es\/payments-es\/"]}]},{"@type":"BreadcrumbList","@id":"https:\/\/prifinance.com\/es\/payments-es\/#breadcrumb","itemListElement":[{"@type":"ListItem","position":1,"name":"\u0413\u043b\u0430\u0432\u043d\u0430\u044f \u0441\u0442\u0440\u0430\u043d\u0438\u0446\u0430","item":"https:\/\/prifinance.com\/es\/"},{"@type":"ListItem","position":2,"name":"licencia de dinero electr\u00f3nico"}]},{"@type":"WebSite","@id":"https:\/\/prifinance.com\/es\/#website","url":"https:\/\/prifinance.com\/es\/","name":"Prifinance","description":"Prifinance","potentialAction":[{"@type":"SearchAction","target":{"@type":"EntryPoint","urlTemplate":"https:\/\/prifinance.com\/es\/?s={search_term_string}"},"query-input":{"@type":"PropertyValueSpecification","valueRequired":true,"valueName":"search_term_string"}}],"inLanguage":"es"}]}},"_links":{"self":[{"href":"https:\/\/prifinance.com\/es\/wp-json\/wp\/v2\/pages\/13269","targetHints":{"allow":["GET"]}}],"collection":[{"href":"https:\/\/prifinance.com\/es\/wp-json\/wp\/v2\/pages"}],"about":[{"href":"https:\/\/prifinance.com\/es\/wp-json\/wp\/v2\/types\/page"}],"author":[{"embeddable":true,"href":"https:\/\/prifinance.com\/es\/wp-json\/wp\/v2\/users\/6"}],"replies":[{"embeddable":true,"href":"https:\/\/prifinance.com\/es\/wp-json\/wp\/v2\/comments?post=13269"}],"version-history":[{"count":1,"href":"https:\/\/prifinance.com\/es\/wp-json\/wp\/v2\/pages\/13269\/revisions"}],"predecessor-version":[{"id":13270,"href":"https:\/\/prifinance.com\/es\/wp-json\/wp\/v2\/pages\/13269\/revisions\/13270"}],"wp:attachment":[{"href":"https:\/\/prifinance.com\/es\/wp-json\/wp\/v2\/media?parent=13269"}],"curies":[{"name":"wp","href":"https:\/\/api.w.org\/{rel}","templated":true}]}}