{"id":13263,"date":"2023-08-03T16:16:33","date_gmt":"2023-08-03T13:16:33","guid":{"rendered":"https:\/\/prifinance.com\/?page_id=13263"},"modified":"2023-08-03T16:18:01","modified_gmt":"2023-08-03T13:18:01","slug":"licencia-de-corredor-de-divisas","status":"publish","type":"page","link":"https:\/\/prifinance.com\/es\/forex\/","title":{"rendered":"Licencia de corredor de Forex"},"content":{"rendered":"<p>El comercio de divisas, el famoso Forex, despierta un enorme inter\u00e9s. Ante esta situaci\u00f3n, el n\u00famero de empresas que prestan servicios profesionales es cada vez mayor. Para llevar a cabo legalmente las actividades de corretaje, es obligatorio obtener una licencia que es necesaria independientemente del pa\u00eds en el que se vaya a realizar el comercio de divisas. Los empleados de Prifinance asumen los aspectos organizativos, legales y burocr\u00e1ticos del trabajo relacionado con la obtenci\u00f3n de una licencia de corredor de divisas en los centros financieros del mundo. Ofrecemos una asistencia integral y prestamos servicios \u00abllave en mano\u00bb. Esto significa que un cliente que desee obtener una licencia de agente de bolsa no tendr\u00e1 que interactuar con un mont\u00f3n de intermediarios cuyas responsabilidades y competencias son limitadas.<\/p>\n<p>Las ventajas de solicitarnos una licencia de Forex son muchas:<\/p>\n<ul>\n<li>Ahorrar\u00e1 tiempo y dinero.<\/li>\n<li>Evitar\u00e1 el riesgo de cometer errores y cumplir\u00e1 con el marco legislativo.<\/li>\n<li>Se asegurar\u00e1 frente a posibles riesgos.<\/li>\n<li>Preservar\u00e1 la confidencialidad.<\/li>\n<li>Asesor\u00eda competente incluso en temas altamente especializados, que pueden ser desconocidos para los empleados de su empresa.<\/li>\n<li>Herramientas eficaces para aumentar la rentabilidad.<\/li>\n<li>Acceso a toda una gama de servicios (registro de empresas fuera del pa\u00eds, apertura de cuentas, asistencia en la obtenci\u00f3n de permisos de residencia, etc.).<\/li>\n<\/ul>\n","protected":false},"excerpt":{"rendered":"<p>El comercio de divisas, el famoso Forex, despierta un enorme inter\u00e9s. Ante esta situaci\u00f3n, el n\u00famero de empresas que prestan servicios profesionales es cada vez mayor. Para llevar a cabo legalmente las actividades de corretaje, es obligatorio obtener una licencia que es necesaria independientemente del pa\u00eds en el que se vaya a realizar el comercio [&hellip;]<\/p>\n","protected":false},"author":6,"featured_media":0,"parent":0,"menu_order":0,"comment_status":"closed","ping_status":"closed","template":"templates\/page-license.php","meta":{"footnotes":""},"class_list":["post-13263","page","type-page","status-publish","hentry"],"yoast_head":"<!-- This site is optimized with the Yoast SEO plugin v24.8.1 - https:\/\/yoast.com\/wordpress\/plugins\/seo\/ -->\n<title>Licencia de corredor de Forex y regulaci\u00f3n de Forex | Prifinance Company<\/title>\n<meta name=\"description\" content=\"Asistencia en la obtenci\u00f3n de licencias de corretaje para un distribuidor de divisas (licencia forex) de especialistas de la empresa Prifinance. Llame: \u260e\ufe0f +971 4 894 6755: Atenci\u00f3n al cliente 24\/7.\" \/>\n<meta name=\"robots\" content=\"index, follow, max-snippet:-1, max-image-preview:large, max-video-preview:-1\" \/>\n<link rel=\"canonical\" href=\"https:\/\/prifinance.com\/es\/forex\/\" \/>\n<meta property=\"og:locale\" content=\"es_ES\" \/>\n<meta property=\"og:type\" content=\"article\" \/>\n<meta property=\"og:title\" content=\"Licencia de corredor de Forex y regulaci\u00f3n de Forex | Prifinance Company\" \/>\n<meta property=\"og:description\" content=\"Asistencia en la obtenci\u00f3n de licencias de corretaje para un distribuidor de divisas (licencia forex) de especialistas de la empresa Prifinance. Llame: \u260e\ufe0f +971 4 894 6755: Atenci\u00f3n al cliente 24\/7.\" \/>\n<meta property=\"og:url\" content=\"https:\/\/prifinance.com\/es\/forex\/\" \/>\n<meta property=\"og:site_name\" content=\"Prifinance\" \/>\n<meta property=\"article:modified_time\" content=\"2023-08-03T13:18:01+00:00\" \/>\n<meta name=\"twitter:card\" content=\"summary_large_image\" \/>\n<meta name=\"twitter:label1\" content=\"Est. reading time\" \/>\n\t<meta name=\"twitter:data1\" content=\"1 minuto\" \/>\n<script type=\"application\/ld+json\" class=\"yoast-schema-graph\">{\"@context\":\"https:\/\/schema.org\",\"@graph\":[{\"@type\":\"WebPage\",\"@id\":\"https:\/\/prifinance.com\/es\/forex\/\",\"url\":\"https:\/\/prifinance.com\/es\/forex\/\",\"name\":\"Licencia de corredor de Forex y regulaci\u00f3n de Forex | Prifinance Company\",\"isPartOf\":{\"@id\":\"https:\/\/prifinance.com\/es\/#website\"},\"datePublished\":\"2023-08-03T13:16:33+00:00\",\"dateModified\":\"2023-08-03T13:18:01+00:00\",\"description\":\"Asistencia en la obtenci\u00f3n de licencias de corretaje para un distribuidor de divisas (licencia forex) de especialistas de la empresa Prifinance. Llame: \u260e\ufe0f +971 4 894 6755: Atenci\u00f3n al cliente 24\/7.\",\"breadcrumb\":{\"@id\":\"https:\/\/prifinance.com\/es\/forex\/#breadcrumb\"},\"inLanguage\":\"es\",\"potentialAction\":[{\"@type\":\"ReadAction\",\"target\":[\"https:\/\/prifinance.com\/es\/forex\/\"]}]},{\"@type\":\"BreadcrumbList\",\"@id\":\"https:\/\/prifinance.com\/es\/forex\/#breadcrumb\",\"itemListElement\":[{\"@type\":\"ListItem\",\"position\":1,\"name\":\"\u0413\u043b\u0430\u0432\u043d\u0430\u044f \u0441\u0442\u0440\u0430\u043d\u0438\u0446\u0430\",\"item\":\"https:\/\/prifinance.com\/es\/\"},{\"@type\":\"ListItem\",\"position\":2,\"name\":\"Licencia de corredor de Forex\"}]},{\"@type\":\"WebSite\",\"@id\":\"https:\/\/prifinance.com\/es\/#website\",\"url\":\"https:\/\/prifinance.com\/es\/\",\"name\":\"Prifinance\",\"description\":\"Prifinance\",\"potentialAction\":[{\"@type\":\"SearchAction\",\"target\":{\"@type\":\"EntryPoint\",\"urlTemplate\":\"https:\/\/prifinance.com\/es\/?s={search_term_string}\"},\"query-input\":{\"@type\":\"PropertyValueSpecification\",\"valueRequired\":true,\"valueName\":\"search_term_string\"}}],\"inLanguage\":\"es\"}]}<\/script>\n<!-- \/ Yoast SEO plugin. -->","yoast_head_json":{"title":"Licencia de corredor de Forex y regulaci\u00f3n de Forex | Prifinance Company","description":"Asistencia en la obtenci\u00f3n de licencias de corretaje para un distribuidor de divisas (licencia forex) de especialistas de la empresa Prifinance. Llame: \u260e\ufe0f +971 4 894 6755: Atenci\u00f3n al cliente 24\/7.","robots":{"index":"index","follow":"follow","max-snippet":"max-snippet:-1","max-image-preview":"max-image-preview:large","max-video-preview":"max-video-preview:-1"},"canonical":"https:\/\/prifinance.com\/es\/forex\/","og_locale":"es_ES","og_type":"article","og_title":"Licencia de corredor de Forex y regulaci\u00f3n de Forex | Prifinance Company","og_description":"Asistencia en la obtenci\u00f3n de licencias de corretaje para un distribuidor de divisas (licencia forex) de especialistas de la empresa Prifinance. Llame: \u260e\ufe0f +971 4 894 6755: Atenci\u00f3n al cliente 24\/7.","og_url":"https:\/\/prifinance.com\/es\/forex\/","og_site_name":"Prifinance","article_modified_time":"2023-08-03T13:18:01+00:00","twitter_card":"summary_large_image","twitter_misc":{"Est. reading time":"1 minuto"},"schema":{"@context":"https:\/\/schema.org","@graph":[{"@type":"WebPage","@id":"https:\/\/prifinance.com\/es\/forex\/","url":"https:\/\/prifinance.com\/es\/forex\/","name":"Licencia de corredor de Forex y regulaci\u00f3n de Forex | Prifinance Company","isPartOf":{"@id":"https:\/\/prifinance.com\/es\/#website"},"datePublished":"2023-08-03T13:16:33+00:00","dateModified":"2023-08-03T13:18:01+00:00","description":"Asistencia en la obtenci\u00f3n de licencias de corretaje para un distribuidor de divisas (licencia forex) de especialistas de la empresa Prifinance. Llame: \u260e\ufe0f +971 4 894 6755: Atenci\u00f3n al cliente 24\/7.","breadcrumb":{"@id":"https:\/\/prifinance.com\/es\/forex\/#breadcrumb"},"inLanguage":"es","potentialAction":[{"@type":"ReadAction","target":["https:\/\/prifinance.com\/es\/forex\/"]}]},{"@type":"BreadcrumbList","@id":"https:\/\/prifinance.com\/es\/forex\/#breadcrumb","itemListElement":[{"@type":"ListItem","position":1,"name":"\u0413\u043b\u0430\u0432\u043d\u0430\u044f \u0441\u0442\u0440\u0430\u043d\u0438\u0446\u0430","item":"https:\/\/prifinance.com\/es\/"},{"@type":"ListItem","position":2,"name":"Licencia de corredor de Forex"}]},{"@type":"WebSite","@id":"https:\/\/prifinance.com\/es\/#website","url":"https:\/\/prifinance.com\/es\/","name":"Prifinance","description":"Prifinance","potentialAction":[{"@type":"SearchAction","target":{"@type":"EntryPoint","urlTemplate":"https:\/\/prifinance.com\/es\/?s={search_term_string}"},"query-input":{"@type":"PropertyValueSpecification","valueRequired":true,"valueName":"search_term_string"}}],"inLanguage":"es"}]}},"_links":{"self":[{"href":"https:\/\/prifinance.com\/es\/wp-json\/wp\/v2\/pages\/13263","targetHints":{"allow":["GET"]}}],"collection":[{"href":"https:\/\/prifinance.com\/es\/wp-json\/wp\/v2\/pages"}],"about":[{"href":"https:\/\/prifinance.com\/es\/wp-json\/wp\/v2\/types\/page"}],"author":[{"embeddable":true,"href":"https:\/\/prifinance.com\/es\/wp-json\/wp\/v2\/users\/6"}],"replies":[{"embeddable":true,"href":"https:\/\/prifinance.com\/es\/wp-json\/wp\/v2\/comments?post=13263"}],"version-history":[{"count":3,"href":"https:\/\/prifinance.com\/es\/wp-json\/wp\/v2\/pages\/13263\/revisions"}],"predecessor-version":[{"id":13266,"href":"https:\/\/prifinance.com\/es\/wp-json\/wp\/v2\/pages\/13263\/revisions\/13266"}],"wp:attachment":[{"href":"https:\/\/prifinance.com\/es\/wp-json\/wp\/v2\/media?parent=13263"}],"curies":[{"name":"wp","href":"https:\/\/api.w.org\/{rel}","templated":true}]}}