{"id":13256,"date":"2023-08-03T15:53:48","date_gmt":"2023-08-03T12:53:48","guid":{"rendered":"https:\/\/prifinance.com\/?page_id=13256"},"modified":"2024-03-13T14:46:23","modified_gmt":"2024-03-13T11:46:23","slug":"bank-account","status":"publish","type":"page","link":"https:\/\/prifinance.com\/es\/bank-account\/","title":{"rendered":"Cuentas bancarias"},"content":{"rendered":"<div class=\"info-block\">\n<p>Para que una empresa pueda funcionar con normalidad es necesario que disponga de una cuenta bancaria activa (o varias, sobre todo si opera en varias jurisdicciones). Una cuenta bancaria no es una mera necesidad para hacer negocios, sino tambi\u00e9n uno de los factores que confirman su legalidad y fiabilidad. Abrir una cuenta en un banco extranjero es uno de los servicios principales que prestan los abogados de Prifinance en todo el mundo.<\/p>\n<p>Nuestros abogados est\u00e1n a su disposici\u00f3n para asesorarle con todo detalle sobre las particularidades de la apertura de una cuenta en su caso concreto y para asistirle en el procedimiento correspondiente, desde la decisi\u00f3n de apertura hasta la \u00faltima transacci\u00f3n que figure en el extracto. Adem\u00e1s, nuestros abogados est\u00e1n preparados para aconsejarle con todo detalle sobre todas las particularidades que conlleva abrir una cuenta en un banco extranjero y por qu\u00e9 hacerlo en el marco de su caso empresarial.<\/p>\n<h2>Ventajas de abrir una cuenta en un banco extranjero<\/h2>\n<p>La apertura de una cuenta en el extranjero puede resultar una opci\u00f3n beneficiosa en aquellos negocios que se desarrollen en otros pa\u00edses, habida cuenta de los siguientes detalles:<\/p>\n<ul>\n<li>La necesidad de garantizar la confidencialidad de la empresa, as\u00ed como los datos de los beneficiarios;<\/li>\n<li>Hacer negocios con empresas e instituciones bancarias de jurisdicciones de baja fiscalidad (las instituciones bancarias locales pueden ofrecer unas condiciones de financiaci\u00f3n favorables, tasas de servicio razonables y a veces incluso bajas, adem\u00e1s de contar con unas normas flexibles en materia de control de divisas, as\u00ed como requisitos simplificados de mantenimiento de registros);<\/li>\n<li>Apertura de cuentas para liquidaciones con socios comerciales de regiones espec\u00edficas, como Europa;<\/li>\n<li>Protecci\u00f3n del negocio, as\u00ed como reducci\u00f3n de los riesgos financieros y econ\u00f3micos asociados (fluctuaciones de los tipos de cambio, inflaci\u00f3n y otros factores);<\/li>\n<li>Facilidad para rellenar documentos y mantener registros.<\/li>\n<\/ul>\n<p>Las ventajas derivadas de la apertura de cuentas bancarias en el extranjero para no residentes no se limitan a las enumeradas anteriormente. Los abogados de Prifinance pueden ayudarle a identificar las distintas opciones a la hora de abrir cuentas en otros pa\u00edses, lo que le ayudar\u00e1 a maximizar las ventajas de hacer negocios y mantener capital fuera de sus fronteras.\u00a0 Facilite a los abogados la informaci\u00f3n pertinente para que puedan asesorarle de forma personalizada.<\/p>\n<\/div>\n<div class=\"info-block\">\n<h2>Factores a tener en cuenta al abrir una cuenta en un banco extranjero<\/h2>\n<p><strong>Si tiene previsto abrir una cuenta en un banco extranjero, tanto si es persona f\u00edsica como jur\u00eddica, deber\u00e1 prestar atenci\u00f3n a numerosos detalles:<\/strong><\/p>\n<ul>\n<li>Defina claramente las prioridades financieras y empresariales, y seleccione una jurisdicci\u00f3n y un banco espec\u00edficos para ellas (entre los m\u00e1s populares encontramos Chipre, Suiza, Gran Breta\u00f1a, Serbia, etc.);<\/li>\n<li>Determine el tipo de cuenta que va a utilizar: cuenta operativa (destinada a realizar pagos, incluyendo las transacciones comerciales con sus contrapartes), cuenta de inversi\u00f3n o de ahorro (abierta para acumular y aumentar los fondos);<\/li>\n<li>Examine los requisitos del banco seleccionado y elabore la documentaci\u00f3n a considerar;<\/li>\n<li>Preste atenci\u00f3n a los pormenores relativos a la confirmaci\u00f3n de la legalidad del origen de los fondos, as\u00ed como al cumplimiento de los requisitos de supervisi\u00f3n financiera antes y despu\u00e9s de abrir la nueva cuenta bancaria, incluyendo la ejecuci\u00f3n de las operaciones en la misma;<\/li>\n<li>Obtener los documentos que confirmen la apertura de la cuenta y la tarjeta bancarias.<\/li>\n<\/ul>\n<p>El procedimiento espec\u00edfico de apertura de una cuenta en un banco extranjero para un particular o una empresa var\u00eda en funci\u00f3n de los antecedentes del caso. Los abogados de Prifinance est\u00e1n a su disposici\u00f3n para prestarle el apoyo jur\u00eddico necesario durante el proceso de apertura, as\u00ed como la asistencia posterior en las actividades en las que se utilice la cuenta en el extranjero.<\/p>\n<\/div>\n<div class=\"info-block\">\n<h2>Particularidades de la apertura de cuentas en el extranjero<\/h2>\n<p>Es posible abrir cuentas en bancos extranjeros (ya sean personas f\u00edsicas o jur\u00eddicas) a trav\u00e9s de un agente o de forma remota. La primera opci\u00f3n es la m\u00e1s habitual. La segunda opci\u00f3n puede ser viable. Es posible abrir cuentas en un banco extranjero de forma remota enviando por correo la documentaci\u00f3n para su revisi\u00f3n. A continuaci\u00f3n, se celebra una videoconferencia, en la cual se solicita a los empleados que respondan a una serie de preguntas y que muestren el documento de identidad original.<\/p>\n<p>En cualquier caso, para abrir una cuenta bancaria es necesario proporcionar informaci\u00f3n sobre una persona f\u00edsica, incluyendo el pasaporte y otros datos de identificaci\u00f3n, informaci\u00f3n sobre su ocupaci\u00f3n, datos que confirmen la legalidad del origen de los fondos, as\u00ed como otra informaci\u00f3n complementaria obligatoria. Cabe destacar que existen ciertos requisitos para la apertura de una cuenta bancaria en el caso de personas f\u00edsicas: deben confirmar su lugar de residencia actual con justificantes de pago de los suministros de electricidad, gas o agua.<\/p>\n<p>Las personas jur\u00eddicas deber\u00e1n aportar la informaci\u00f3n correspondiente a su situaci\u00f3n registral actual, copias de los documentos constitutivos, informaci\u00f3n sobre los beneficiarios y directivos de la empresa, as\u00ed como otros datos que el banco pueda requerir de acuerdo con la legislaci\u00f3n local y las pol\u00edticas internas. En cualquier caso, deber\u00e1n rellenarse y presentarse los formularios de registro aceptados por el banco en cuesti\u00f3n.<\/p>\n<p>Adem\u00e1s de los documentos formales, tambi\u00e9n deber\u00e1 facilitar informaci\u00f3n sobre las transacciones que tiene previsto realizar con la cuenta (volumen de negocios anual estimado). Las personas que abran cuentas deber\u00e1n aportar su informaci\u00f3n de contacto vigente y la relativa a sus fuentes de ingresos. Tambi\u00e9n debe indicarse el motivo de la apertura de la cuenta.<\/p>\n<p>A la hora de considerar la apertura de una cuenta bancaria en el extranjero no debe limitarse a una sola opci\u00f3n: es mejor escoger y presentar los documentos al menos a 2 o 3 bancos. Los plazos est\u00e1ndar para abrir una cuenta bancaria en el extranjero oscilan entre 2 semanas y 2 meses.<\/p>\n<\/div>\n<div class=\"info-block\">\n<h2>Los sistemas de pago como alternativas a las entidades bancarias<\/h2>\n<p>No siempre resulta posible abrir una cuenta en un banco extranjero debido a ciertas restricciones locales. Por ejemplo, en algunas jurisdicciones s\u00f3lo puede hacerlo un residente de la jurisdicci\u00f3n del banco.\u00a0 No obstante, la opci\u00f3n de abrir una cuenta EMI ofrece una serie de ventajas \u00fanicas:<\/p>\n<ul>\n<li><em>No hay requisitos en cuanto al dep\u00f3sito m\u00ednimo;<\/em><\/li>\n<li><em>Normativa simplificada en materia de cumplimiento;<\/em><\/li>\n<li><em>No hay l\u00edmites para el cierre de operaciones en la cuenta;<\/em><\/li>\n<li><em>Un alto grado de confidencialidad de los datos de los propietarios debido a la ausencia de intercambio de informaci\u00f3n fiscal;<\/em><\/li>\n<li><em>Provisi\u00f3n de garant\u00edas adicionales sobre la seguridad de los fondos si se supera un determinado umbral.<\/em><\/li>\n<\/ul>\n<\/div>\n<div class=\"info-block\">\n<h2>C\u00f3mo pueden ayudarle los abogados de Prifinance<\/h2>\n<p>Supongamos que se propone abrir una cuenta en un banco extranjero. En este caso, los abogados de Prifinance est\u00e1n a su disposici\u00f3n para estudiar detenidamente su situaci\u00f3n y responder a la pregunta \u00ab\u00bfpuedo abrir una cuenta en un banco extranjero?\u00bb de forma personalizada, indic\u00e1ndole asimismo en qu\u00e9 jurisdicci\u00f3n podr\u00e1 disponer de esta opci\u00f3n y en cu\u00e1l le resultar\u00e1 m\u00e1s ventajosa. Por ejemplo, muchos bancos de Singapur y Hong Kong se niegan a abrir una cuenta bancaria a extranjeros procedentes de la CEI. Por lo tanto, los abogados de Prifinance le ayudar\u00e1n a evitar que se rechace la solicitud y la p\u00e9rdida de tiempo que ello conlleva seleccionando las opciones de apertura de la cuenta bancaria m\u00e1s adecuadas en funci\u00f3n de su caso particular. Concretamente, los abogados le ayudar\u00e1n a llevar a cabo con \u00e9xito las siguientes acciones:<\/p>\n<ul>\n<li>Examinar los antecedentes del caso y sugerir las opciones m\u00e1s adecuadas para abrir una cuenta en el extranjero;<\/li>\n<li>Planificar el procedimiento de registro de la cuenta bancaria en el extranjero seg\u00fan su caso;<\/li>\n<li>Ayudarle a acogerse a la opci\u00f3n de abrir una cuenta bancaria en el extranjero de forma remota, siempre que est\u00e9 disponible;<\/li>\n<li>Acompa\u00f1arle durante el procedimiento de apertura de la cuenta, incluyendo las negociaciones con los gestores de los bancos extranjeros;<\/li>\n<li>Proporcionarle asistencia jur\u00eddica complementaria si surgen situaciones problem\u00e1ticas durante la explotaci\u00f3n de su cuenta bancaria en el extranjero.<\/li>\n<\/ul>\n<p>La cartera de servicios de Prifinance no se limita a los citados anteriormente. Los abogados est\u00e1n a su disposici\u00f3n para ayudarle a localizar una jurisdicci\u00f3n de baja tributaci\u00f3n adecuada para su caso, optimizar el importe de los impuestos a pagar y asesorarle a la hora de obtener un permiso de residencia en una jurisdicci\u00f3n extranjera. Adem\u00e1s, estaremos encantados de proporcionarle asistencia jur\u00eddica en la apertura de su cuenta corporativa o personal en un banco extranjero. Por favor, proporci\u00f3nenos la informaci\u00f3n correspondiente a su caso.<\/p>\n<\/div>\n","protected":false},"excerpt":{"rendered":"<p>Para que una empresa pueda funcionar con normalidad es necesario que disponga de una cuenta bancaria activa (o varias, sobre todo si opera en varias jurisdicciones). Una cuenta bancaria no es una mera necesidad para hacer negocios, sino tambi\u00e9n uno de los factores que confirman su legalidad y fiabilidad. Abrir una cuenta en un banco [&hellip;]<\/p>\n","protected":false},"author":6,"featured_media":0,"parent":0,"menu_order":0,"comment_status":"closed","ping_status":"closed","template":"templates\/page-banks.php","meta":{"footnotes":""},"class_list":["post-13256","page","type-page","status-publish","hentry"],"yoast_head":"<!-- This site is optimized with the Yoast SEO plugin v24.8.1 - https:\/\/yoast.com\/wordpress\/plugins\/seo\/ -->\n<title>Cuentas bancarias extranjeras | Prifinance Company<\/title>\n<meta name=\"description\" content=\"Asistencia en la apertura de cuentas en bancos extranjeros a distancia. Llame a Prifinance Company: \u260e\ufe0f +372 602-65-11: Atenci\u00f3n al cliente 24\/7.\" \/>\n<meta name=\"robots\" content=\"index, follow, max-snippet:-1, max-image-preview:large, max-video-preview:-1\" \/>\n<link rel=\"canonical\" href=\"https:\/\/prifinance.com\/es\/bank-account\/\" \/>\n<meta property=\"og:locale\" content=\"es_ES\" \/>\n<meta property=\"og:type\" content=\"article\" \/>\n<meta property=\"og:title\" content=\"Cuentas bancarias extranjeras | Prifinance Company\" \/>\n<meta property=\"og:description\" content=\"Asistencia en la apertura de cuentas en bancos extranjeros a distancia. Llame a Prifinance Company: \u260e\ufe0f +372 602-65-11: Atenci\u00f3n al cliente 24\/7.\" \/>\n<meta property=\"og:url\" content=\"https:\/\/prifinance.com\/es\/bank-account\/\" \/>\n<meta property=\"og:site_name\" content=\"Prifinance\" \/>\n<meta property=\"article:modified_time\" content=\"2024-03-13T11:46:23+00:00\" \/>\n<meta name=\"twitter:card\" content=\"summary_large_image\" \/>\n<meta name=\"twitter:label1\" content=\"Est. reading time\" \/>\n\t<meta name=\"twitter:data1\" content=\"7 minutos\" \/>\n<script type=\"application\/ld+json\" class=\"yoast-schema-graph\">{\"@context\":\"https:\/\/schema.org\",\"@graph\":[{\"@type\":\"WebPage\",\"@id\":\"https:\/\/prifinance.com\/es\/bank-account\/\",\"url\":\"https:\/\/prifinance.com\/es\/bank-account\/\",\"name\":\"Cuentas bancarias extranjeras | Prifinance Company\",\"isPartOf\":{\"@id\":\"https:\/\/prifinance.com\/es\/#website\"},\"datePublished\":\"2023-08-03T12:53:48+00:00\",\"dateModified\":\"2024-03-13T11:46:23+00:00\",\"description\":\"Asistencia en la apertura de cuentas en bancos extranjeros a distancia. Llame a Prifinance Company: \u260e\ufe0f +372 602-65-11: Atenci\u00f3n al cliente 24\/7.\",\"breadcrumb\":{\"@id\":\"https:\/\/prifinance.com\/es\/bank-account\/#breadcrumb\"},\"inLanguage\":\"es\",\"potentialAction\":[{\"@type\":\"ReadAction\",\"target\":[\"https:\/\/prifinance.com\/es\/bank-account\/\"]}]},{\"@type\":\"BreadcrumbList\",\"@id\":\"https:\/\/prifinance.com\/es\/bank-account\/#breadcrumb\",\"itemListElement\":[{\"@type\":\"ListItem\",\"position\":1,\"name\":\"\u0413\u043b\u0430\u0432\u043d\u0430\u044f \u0441\u0442\u0440\u0430\u043d\u0438\u0446\u0430\",\"item\":\"https:\/\/prifinance.com\/es\/\"},{\"@type\":\"ListItem\",\"position\":2,\"name\":\"Cuentas bancarias\"}]},{\"@type\":\"WebSite\",\"@id\":\"https:\/\/prifinance.com\/es\/#website\",\"url\":\"https:\/\/prifinance.com\/es\/\",\"name\":\"Prifinance\",\"description\":\"Prifinance\",\"potentialAction\":[{\"@type\":\"SearchAction\",\"target\":{\"@type\":\"EntryPoint\",\"urlTemplate\":\"https:\/\/prifinance.com\/es\/?s={search_term_string}\"},\"query-input\":{\"@type\":\"PropertyValueSpecification\",\"valueRequired\":true,\"valueName\":\"search_term_string\"}}],\"inLanguage\":\"es\"}]}<\/script>\n<!-- \/ Yoast SEO plugin. -->","yoast_head_json":{"title":"Cuentas bancarias extranjeras | Prifinance Company","description":"Asistencia en la apertura de cuentas en bancos extranjeros a distancia. Llame a Prifinance Company: \u260e\ufe0f +372 602-65-11: Atenci\u00f3n al cliente 24\/7.","robots":{"index":"index","follow":"follow","max-snippet":"max-snippet:-1","max-image-preview":"max-image-preview:large","max-video-preview":"max-video-preview:-1"},"canonical":"https:\/\/prifinance.com\/es\/bank-account\/","og_locale":"es_ES","og_type":"article","og_title":"Cuentas bancarias extranjeras | Prifinance Company","og_description":"Asistencia en la apertura de cuentas en bancos extranjeros a distancia. Llame a Prifinance Company: \u260e\ufe0f +372 602-65-11: Atenci\u00f3n al cliente 24\/7.","og_url":"https:\/\/prifinance.com\/es\/bank-account\/","og_site_name":"Prifinance","article_modified_time":"2024-03-13T11:46:23+00:00","twitter_card":"summary_large_image","twitter_misc":{"Est. reading time":"7 minutos"},"schema":{"@context":"https:\/\/schema.org","@graph":[{"@type":"WebPage","@id":"https:\/\/prifinance.com\/es\/bank-account\/","url":"https:\/\/prifinance.com\/es\/bank-account\/","name":"Cuentas bancarias extranjeras | Prifinance Company","isPartOf":{"@id":"https:\/\/prifinance.com\/es\/#website"},"datePublished":"2023-08-03T12:53:48+00:00","dateModified":"2024-03-13T11:46:23+00:00","description":"Asistencia en la apertura de cuentas en bancos extranjeros a distancia. Llame a Prifinance Company: \u260e\ufe0f +372 602-65-11: Atenci\u00f3n al cliente 24\/7.","breadcrumb":{"@id":"https:\/\/prifinance.com\/es\/bank-account\/#breadcrumb"},"inLanguage":"es","potentialAction":[{"@type":"ReadAction","target":["https:\/\/prifinance.com\/es\/bank-account\/"]}]},{"@type":"BreadcrumbList","@id":"https:\/\/prifinance.com\/es\/bank-account\/#breadcrumb","itemListElement":[{"@type":"ListItem","position":1,"name":"\u0413\u043b\u0430\u0432\u043d\u0430\u044f \u0441\u0442\u0440\u0430\u043d\u0438\u0446\u0430","item":"https:\/\/prifinance.com\/es\/"},{"@type":"ListItem","position":2,"name":"Cuentas bancarias"}]},{"@type":"WebSite","@id":"https:\/\/prifinance.com\/es\/#website","url":"https:\/\/prifinance.com\/es\/","name":"Prifinance","description":"Prifinance","potentialAction":[{"@type":"SearchAction","target":{"@type":"EntryPoint","urlTemplate":"https:\/\/prifinance.com\/es\/?s={search_term_string}"},"query-input":{"@type":"PropertyValueSpecification","valueRequired":true,"valueName":"search_term_string"}}],"inLanguage":"es"}]}},"_links":{"self":[{"href":"https:\/\/prifinance.com\/es\/wp-json\/wp\/v2\/pages\/13256","targetHints":{"allow":["GET"]}}],"collection":[{"href":"https:\/\/prifinance.com\/es\/wp-json\/wp\/v2\/pages"}],"about":[{"href":"https:\/\/prifinance.com\/es\/wp-json\/wp\/v2\/types\/page"}],"author":[{"embeddable":true,"href":"https:\/\/prifinance.com\/es\/wp-json\/wp\/v2\/users\/6"}],"replies":[{"embeddable":true,"href":"https:\/\/prifinance.com\/es\/wp-json\/wp\/v2\/comments?post=13256"}],"version-history":[{"count":5,"href":"https:\/\/prifinance.com\/es\/wp-json\/wp\/v2\/pages\/13256\/revisions"}],"predecessor-version":[{"id":16577,"href":"https:\/\/prifinance.com\/es\/wp-json\/wp\/v2\/pages\/13256\/revisions\/16577"}],"wp:attachment":[{"href":"https:\/\/prifinance.com\/es\/wp-json\/wp\/v2\/media?parent=13256"}],"curies":[{"name":"wp","href":"https:\/\/api.w.org\/{rel}","templated":true}]}}