{"id":13236,"date":"2023-08-02T20:59:48","date_gmt":"2023-08-02T17:59:48","guid":{"rendered":"https:\/\/prifinance.com\/?page_id=13236"},"modified":"2026-01-19T12:28:06","modified_gmt":"2026-01-19T09:28:06","slug":"licencia-de-cambio-de-criptodivisas","status":"publish","type":"page","link":"https:\/\/prifinance.com\/es\/licencia-de-intercambio-de-criptomonedas\/","title":{"rendered":"Licencia de cambio de criptodivisas"},"content":{"rendered":"<h1 class=\"text-white\">Obt\u00e9n una licencia de intercambio de criptomonedas<\/h1>\n<p style=\"text-align: justify;\">Obt\u00e9n tu licencia de criptomonedas con soporte experto. Env\u00eda tu solicitud.<\/p>\n","protected":false},"excerpt":{"rendered":"<p>Obt\u00e9n una licencia de intercambio de criptomonedas Obt\u00e9n tu licencia de criptomonedas con soporte experto. Env\u00eda tu solicitud.<\/p>\n","protected":false},"author":6,"featured_media":0,"parent":0,"menu_order":0,"comment_status":"closed","ping_status":"closed","template":"templates\/page-license-with-content.php","meta":{"footnotes":""},"class_list":["post-13236","page","type-page","status-publish","hentry"],"yoast_head":"<!-- This site is optimized with the Yoast SEO plugin v24.8.1 - https:\/\/yoast.com\/wordpress\/plugins\/seo\/ -->\n<title>Licencia de cambio de criptodivisas | Prifinance Company<\/title>\n<meta name=\"description\" content=\"Licencia de intercambio de criptomonedas en diferentes pa\u00edses. M\u00e1s de 200 proyectos exitosos. Llame a Prifinance Company: \u260e\ufe0f +971 4 894 6755: Atenci\u00f3n al cliente 24\/7.\" \/>\n<meta name=\"robots\" content=\"index, follow, max-snippet:-1, max-image-preview:large, max-video-preview:-1\" \/>\n<link rel=\"canonical\" href=\"https:\/\/prifinance.com\/es\/licencia-de-intercambio-de-criptomonedas\/\" \/>\n<meta property=\"og:locale\" content=\"es_ES\" \/>\n<meta property=\"og:type\" content=\"article\" \/>\n<meta property=\"og:title\" content=\"Licencia de cambio de criptodivisas | Prifinance Company\" \/>\n<meta property=\"og:description\" content=\"Licencia de intercambio de criptomonedas en diferentes pa\u00edses. M\u00e1s de 200 proyectos exitosos. Llame a Prifinance Company: \u260e\ufe0f +971 4 894 6755: Atenci\u00f3n al cliente 24\/7.\" \/>\n<meta property=\"og:url\" content=\"https:\/\/prifinance.com\/es\/licencia-de-intercambio-de-criptomonedas\/\" \/>\n<meta property=\"og:site_name\" content=\"Prifinance\" \/>\n<meta property=\"article:modified_time\" content=\"2026-01-19T09:28:06+00:00\" \/>\n<meta name=\"twitter:card\" content=\"summary_large_image\" \/>\n<meta name=\"twitter:label1\" content=\"Est. reading time\" \/>\n\t<meta name=\"twitter:data1\" content=\"1 minuto\" \/>\n<script type=\"application\/ld+json\" class=\"yoast-schema-graph\">{\"@context\":\"https:\/\/schema.org\",\"@graph\":[{\"@type\":\"WebPage\",\"@id\":\"https:\/\/prifinance.com\/es\/licencia-de-intercambio-de-criptomonedas\/\",\"url\":\"https:\/\/prifinance.com\/es\/licencia-de-intercambio-de-criptomonedas\/\",\"name\":\"Licencia de cambio de criptodivisas | Prifinance Company\",\"isPartOf\":{\"@id\":\"https:\/\/prifinance.com\/es\/#website\"},\"datePublished\":\"2023-08-02T17:59:48+00:00\",\"dateModified\":\"2026-01-19T09:28:06+00:00\",\"description\":\"Licencia de intercambio de criptomonedas en diferentes pa\u00edses. M\u00e1s de 200 proyectos exitosos. Llame a Prifinance Company: \u260e\ufe0f +971 4 894 6755: Atenci\u00f3n al cliente 24\/7.\",\"breadcrumb\":{\"@id\":\"https:\/\/prifinance.com\/es\/licencia-de-intercambio-de-criptomonedas\/#breadcrumb\"},\"inLanguage\":\"es\",\"potentialAction\":[{\"@type\":\"ReadAction\",\"target\":[\"https:\/\/prifinance.com\/es\/licencia-de-intercambio-de-criptomonedas\/\"]}]},{\"@type\":\"BreadcrumbList\",\"@id\":\"https:\/\/prifinance.com\/es\/licencia-de-intercambio-de-criptomonedas\/#breadcrumb\",\"itemListElement\":[{\"@type\":\"ListItem\",\"position\":1,\"name\":\"\u0413\u043b\u0430\u0432\u043d\u0430\u044f \u0441\u0442\u0440\u0430\u043d\u0438\u0446\u0430\",\"item\":\"https:\/\/prifinance.com\/es\/\"},{\"@type\":\"ListItem\",\"position\":2,\"name\":\"Licencia de cambio de criptodivisas\"}]},{\"@type\":\"WebSite\",\"@id\":\"https:\/\/prifinance.com\/es\/#website\",\"url\":\"https:\/\/prifinance.com\/es\/\",\"name\":\"Prifinance\",\"description\":\"Prifinance\",\"potentialAction\":[{\"@type\":\"SearchAction\",\"target\":{\"@type\":\"EntryPoint\",\"urlTemplate\":\"https:\/\/prifinance.com\/es\/?s={search_term_string}\"},\"query-input\":{\"@type\":\"PropertyValueSpecification\",\"valueRequired\":true,\"valueName\":\"search_term_string\"}}],\"inLanguage\":\"es\"}]}<\/script>\n<!-- \/ Yoast SEO plugin. -->","yoast_head_json":{"title":"Licencia de cambio de criptodivisas | Prifinance Company","description":"Licencia de intercambio de criptomonedas en diferentes pa\u00edses. M\u00e1s de 200 proyectos exitosos. Llame a Prifinance Company: \u260e\ufe0f +971 4 894 6755: Atenci\u00f3n al cliente 24\/7.","robots":{"index":"index","follow":"follow","max-snippet":"max-snippet:-1","max-image-preview":"max-image-preview:large","max-video-preview":"max-video-preview:-1"},"canonical":"https:\/\/prifinance.com\/es\/licencia-de-intercambio-de-criptomonedas\/","og_locale":"es_ES","og_type":"article","og_title":"Licencia de cambio de criptodivisas | Prifinance Company","og_description":"Licencia de intercambio de criptomonedas en diferentes pa\u00edses. M\u00e1s de 200 proyectos exitosos. Llame a Prifinance Company: \u260e\ufe0f +971 4 894 6755: Atenci\u00f3n al cliente 24\/7.","og_url":"https:\/\/prifinance.com\/es\/licencia-de-intercambio-de-criptomonedas\/","og_site_name":"Prifinance","article_modified_time":"2026-01-19T09:28:06+00:00","twitter_card":"summary_large_image","twitter_misc":{"Est. reading time":"1 minuto"},"schema":{"@context":"https:\/\/schema.org","@graph":[{"@type":"WebPage","@id":"https:\/\/prifinance.com\/es\/licencia-de-intercambio-de-criptomonedas\/","url":"https:\/\/prifinance.com\/es\/licencia-de-intercambio-de-criptomonedas\/","name":"Licencia de cambio de criptodivisas | Prifinance Company","isPartOf":{"@id":"https:\/\/prifinance.com\/es\/#website"},"datePublished":"2023-08-02T17:59:48+00:00","dateModified":"2026-01-19T09:28:06+00:00","description":"Licencia de intercambio de criptomonedas en diferentes pa\u00edses. M\u00e1s de 200 proyectos exitosos. Llame a Prifinance Company: \u260e\ufe0f +971 4 894 6755: Atenci\u00f3n al cliente 24\/7.","breadcrumb":{"@id":"https:\/\/prifinance.com\/es\/licencia-de-intercambio-de-criptomonedas\/#breadcrumb"},"inLanguage":"es","potentialAction":[{"@type":"ReadAction","target":["https:\/\/prifinance.com\/es\/licencia-de-intercambio-de-criptomonedas\/"]}]},{"@type":"BreadcrumbList","@id":"https:\/\/prifinance.com\/es\/licencia-de-intercambio-de-criptomonedas\/#breadcrumb","itemListElement":[{"@type":"ListItem","position":1,"name":"\u0413\u043b\u0430\u0432\u043d\u0430\u044f \u0441\u0442\u0440\u0430\u043d\u0438\u0446\u0430","item":"https:\/\/prifinance.com\/es\/"},{"@type":"ListItem","position":2,"name":"Licencia de cambio de criptodivisas"}]},{"@type":"WebSite","@id":"https:\/\/prifinance.com\/es\/#website","url":"https:\/\/prifinance.com\/es\/","name":"Prifinance","description":"Prifinance","potentialAction":[{"@type":"SearchAction","target":{"@type":"EntryPoint","urlTemplate":"https:\/\/prifinance.com\/es\/?s={search_term_string}"},"query-input":{"@type":"PropertyValueSpecification","valueRequired":true,"valueName":"search_term_string"}}],"inLanguage":"es"}]}},"_links":{"self":[{"href":"https:\/\/prifinance.com\/es\/wp-json\/wp\/v2\/pages\/13236","targetHints":{"allow":["GET"]}}],"collection":[{"href":"https:\/\/prifinance.com\/es\/wp-json\/wp\/v2\/pages"}],"about":[{"href":"https:\/\/prifinance.com\/es\/wp-json\/wp\/v2\/types\/page"}],"author":[{"embeddable":true,"href":"https:\/\/prifinance.com\/es\/wp-json\/wp\/v2\/users\/6"}],"replies":[{"embeddable":true,"href":"https:\/\/prifinance.com\/es\/wp-json\/wp\/v2\/comments?post=13236"}],"version-history":[{"count":6,"href":"https:\/\/prifinance.com\/es\/wp-json\/wp\/v2\/pages\/13236\/revisions"}],"predecessor-version":[{"id":18651,"href":"https:\/\/prifinance.com\/es\/wp-json\/wp\/v2\/pages\/13236\/revisions\/18651"}],"wp:attachment":[{"href":"https:\/\/prifinance.com\/es\/wp-json\/wp\/v2\/media?parent=13236"}],"curies":[{"name":"wp","href":"https:\/\/api.w.org\/{rel}","templated":true}]}}